{"id":82,"date":"2024-02-05T10:39:02","date_gmt":"2024-02-05T09:39:02","guid":{"rendered":"https:\/\/www.solucionesdeiluminacion.com\/concurso-iluminacion\/?page_id=82"},"modified":"2026-01-15T17:15:29","modified_gmt":"2026-01-15T16:15:29","slug":"formulario","status":"publish","type":"page","link":"https:\/\/www.solucionesdeiluminacion.com\/concurso-iluminacion\/formulario\/","title":{"rendered":"Formulario"},"content":{"rendered":"<section class=\"l-section wpb_row height_small\"><div class=\"l-section-h i-cf\"><div class=\"g-cols vc_row via_grid cols_1 laptops-cols_inherit tablets-cols_inherit mobiles-cols_1 valign_top type_default stacking_default\"><div class=\"wpb_column vc_column_container\"><div class=\"vc_column-inner\"><div class=\"w-image align_center\"><div class=\"w-image-h\"><img decoding=\"async\" src=\"https:\/\/www.solucionesdeiluminacion.com\/concurso-iluminacion\/wp-content\/uploads\/2024\/02\/logo-gris.svg\" class=\"attachment-full size-full\" alt=\"\" loading=\"lazy\" \/><\/div><\/div><h2 class=\"w-text us_custom_7c4d4311\"><span class=\"w-text-h\"><span class=\"w-text-value\">Premios Saltoki Iluminaci\u00f3n 2026<\/span><\/span><\/h2><div class=\"wpb_text_column\"><div class=\"wpb_wrapper\"><div id=\"quform-80304f\" class=\"quform quform-1 quform-theme-underlined quform-support-page-caching\"><form id=\"quform-form-80304f\" class=\"quform-form quform-form-1\" action=\"\/concurso-iluminacion\/wp-json\/wp\/v2\/pages\/82#quform-80304f\" method=\"post\" enctype=\"multipart\/form-data\" novalidate=\"novalidate\" data-options=\"{&quot;id&quot;:1,&quot;uniqueId&quot;:&quot;80304f&quot;,&quot;theme&quot;:&quot;underlined&quot;,&quot;ajax&quot;:true,&quot;logic&quot;:{&quot;logic&quot;:[],&quot;dependents&quot;:[],&quot;elementIds&quot;:[],&quot;dependentElementIds&quot;:[],&quot;animate&quot;:true},&quot;currentPageId&quot;:28,&quot;errorsIcon&quot;:&quot;&quot;,&quot;updateFancybox&quot;:true,&quot;hasPages&quot;:false,&quot;pages&quot;:[28],&quot;pageProgressType&quot;:&quot;&quot;,&quot;tooltipsEnabled&quot;:true,&quot;tooltipClasses&quot;:&quot;qtip-plain qtip-shadow&quot;,&quot;tooltipMy&quot;:&quot;left center&quot;,&quot;tooltipAt&quot;:&quot;right center&quot;,&quot;isRtl&quot;:false,&quot;scrollOffset&quot;:-50,&quot;scrollSpeed&quot;:800}\"><button class=\"quform-default-submit\" name=\"quform_submit\" type=\"submit\" value=\"submit\" aria-hidden=\"true\" tabindex=\"-1\"><\/button><div class=\"quform-form-inner quform-form-inner-1\"><input type=\"hidden\" name=\"quform_form_id\" value=\"1\" \/><input type=\"hidden\" name=\"quform_form_uid\" value=\"80304f\" \/><input type=\"hidden\" name=\"quform_count\" value=\"1\" \/><input type=\"hidden\" name=\"form_url\" value=\"https:\/\/www.solucionesdeiluminacion.com\/concurso-iluminacion\/wp-json\/wp\/v2\/pages\/82\" \/><input type=\"hidden\" name=\"referring_url\" value=\"\" \/><input type=\"hidden\" name=\"post_id\" value=\"\" \/><input type=\"hidden\" name=\"post_title\" value=\"\" \/><input type=\"hidden\" name=\"quform_current_page_id\" value=\"28\" \/><input type=\"hidden\" name=\"quform_csrf_token\" value=\"pIk49chh7q6Kj4gaL9BvdGpRvutU0LjoXIhfpaXF\" \/><div class=\"quform-elements quform-elements-1 quform-cf quform-responsive-elements-phone-landscape\"><div class=\"quform-element quform-element-page quform-page-28 quform-page-1_28 quform-cf quform-group-style-plain quform-first-page quform-last-page quform-current-page\"><div class=\"quform-child-elements\"><div class=\"quform-element quform-element-group quform-element-1_24 quform-cf quform-group-style-bordered\"><div class=\"quform-spacer\"><div class=\"quform-child-elements\"><div class=\"quform-element quform-element-row quform-element-row-1_29 quform-1-columns quform-element-row-size-fixed quform-responsive-columns-phone-landscape\"><div class=\"quform-element quform-element-column quform-element-1_30\"><div class=\"quform-element quform-element-html quform-element-1_180 quform-cf\"><div class=\"quform-spacer\"><h5 style=\"text-align: center;\">Datos personales<\/h5><\/div><\/div><div class=\"quform-element quform-element-row quform-element-row-1_177 quform-2-columns quform-element-row-size-fixed quform-responsive-columns-phone-landscape\"><div class=\"quform-element quform-element-column quform-element-1_178\"><div class=\"quform-element quform-element-select quform-element-1_239 quform-cf quform-element-required\"><div class=\"quform-spacer\"><div class=\"quform-inner quform-inner-select quform-inner-1_239\"><div class=\"quform-input quform-input-select quform-input-1_239 quform-cf\"><select id=\"quform_1_239_80304f\" name=\"quform_1_239\" class=\"quform-field quform-field-select quform-field-1_239\"><option value=\"\" selected=\"selected\">\u00bfCu\u00e1l es tu perfil profesional? *<\/option><option value=\"instalador\">Instalador<\/option><option value=\"Lighting Designer\">Lighting Designer<\/option><\/select><\/div><\/div><\/div><\/div><\/div><div class=\"quform-element quform-element-column quform-element-1_179\"><div class=\"quform-element quform-element-text quform-element-1_240 quform-cf quform-labels-inside quform-element-required\"><div class=\"quform-spacer\"><div class=\"quform-label quform-label-1_240\"><label class=\"quform-label-text\" for=\"quform_1_240_80304f\">N\u00famero de cliente<span class=\"quform-required\">*<\/span><\/label><\/div><div class=\"quform-inner quform-inner-text quform-inner-1_240\"><div class=\"quform-input quform-input-text quform-input-1_240 quform-cf\"><input type=\"text\" id=\"quform_1_240_80304f\" name=\"quform_1_240\" class=\"quform-field quform-field-text quform-field-1_240\" \/><\/div><\/div><\/div><\/div><\/div><\/div><div class=\"quform-element quform-element-row quform-element-row-1_131 quform-2-columns quform-element-row-size-fixed quform-responsive-columns-phone-portrait\"><div class=\"quform-element quform-element-column quform-element-1_132\"><div class=\"quform-element quform-element-text quform-element-1_182 quform-cf quform-labels-inside quform-element-required\"><div class=\"quform-spacer\"><div class=\"quform-label quform-label-1_182\"><label class=\"quform-label-text\" for=\"quform_1_182_80304f\">Nombre y apellidos<span class=\"quform-required\">*<\/span><\/label><\/div><div class=\"quform-inner quform-inner-text quform-inner-1_182\"><div class=\"quform-input quform-input-text quform-input-1_182 quform-cf\"><input type=\"text\" id=\"quform_1_182_80304f\" name=\"quform_1_182\" class=\"quform-field quform-field-text quform-field-1_182\" \/><\/div><\/div><\/div><\/div><\/div><div class=\"quform-element quform-element-column quform-element-1_133\"><div class=\"quform-element quform-element-text quform-element-1_184 quform-cf quform-labels-inside quform-element-required\"><div class=\"quform-spacer\"><div class=\"quform-label quform-label-1_184\"><label class=\"quform-label-text\" for=\"quform_1_184_80304f\">Empresa<span class=\"quform-required\">*<\/span><\/label><\/div><div class=\"quform-inner quform-inner-text quform-inner-1_184\"><div class=\"quform-input quform-input-text quform-input-1_184 quform-cf\"><input type=\"text\" id=\"quform_1_184_80304f\" name=\"quform_1_184\" class=\"quform-field quform-field-text quform-field-1_184\" \/><\/div><\/div><\/div><\/div><\/div><\/div><div class=\"quform-element quform-element-email quform-element-1_181 quform-cf quform-labels-inside quform-element-required\"><div class=\"quform-spacer\"><div class=\"quform-label quform-label-1_181\"><label class=\"quform-label-text\" for=\"quform_1_181_80304f\">Correo electr\u00f3nico<span class=\"quform-required\">*<\/span><\/label><\/div><div class=\"quform-inner quform-inner-email quform-inner-1_181\"><div class=\"quform-input quform-input-email quform-input-1_181 quform-cf\"><input type=\"email\" id=\"quform_1_181_80304f\" name=\"quform_1_181\" class=\"quform-field quform-field-email quform-field-1_181\" \/><\/div><\/div><\/div><\/div><div class=\"quform-element quform-element-html quform-element-1_212 quform-cf\"><div class=\"quform-spacer\"><\/div><\/div><\/div><\/div><\/div><\/div><\/div><div class=\"quform-element quform-element-group quform-element-1_186 quform-cf quform-group-style-bordered\"><div class=\"quform-spacer\"><div class=\"quform-child-elements\"><div class=\"quform-element quform-element-row quform-element-row-1_187 quform-1-columns quform-element-row-size-fixed quform-responsive-columns-phone-landscape\"><div class=\"quform-element quform-element-column quform-element-1_188\"><div class=\"quform-element quform-element-html quform-element-1_189 quform-cf\"><div class=\"quform-spacer\"><h5 style=\"text-align: center;\">Datos del proyecto<\/h5><\/div><\/div><div class=\"quform-element quform-element-row quform-element-row-1_190 quform-3-columns quform-element-row-size-fixed quform-responsive-columns-phone-landscape\"><div class=\"quform-element quform-element-column quform-element-1_191\"><div class=\"quform-element quform-element-text quform-element-1_192 quform-cf quform-labels-inside quform-element-required\"><div class=\"quform-spacer\"><div class=\"quform-label quform-label-1_192\"><label class=\"quform-label-text\" for=\"quform_1_192_80304f\">Nombre del proyecto<span class=\"quform-required\">*<\/span><\/label><\/div><div class=\"quform-inner quform-inner-text quform-inner-1_192\"><div class=\"quform-input quform-input-text quform-input-1_192 quform-cf\"><input type=\"text\" id=\"quform_1_192_80304f\" name=\"quform_1_192\" class=\"quform-field quform-field-text quform-field-1_192\" \/><\/div><\/div><\/div><\/div><\/div><div class=\"quform-element quform-element-column quform-element-1_193\"><div class=\"quform-element quform-element-select quform-element-1_201 quform-cf quform-element-required\"><div class=\"quform-spacer\"><div class=\"quform-inner quform-inner-select quform-inner-1_201\"><div class=\"quform-input quform-input-select quform-input-1_201 quform-cf\"><select id=\"quform_1_201_80304f\" name=\"quform_1_201\" class=\"quform-field quform-field-select quform-field-1_201\"><option value=\"\" selected=\"selected\">Tipo de iluminaci\u00f3n *<\/option><option value=\"instalaciones-deportivas\">Instalaciones deportivas<\/option><option value=\"industria\">Industria<\/option><option value=\"oficinas\">Oficinas<\/option><option value=\"iluminacion-arquitectonica\">Iluminaci\u00f3n arquitect\u00f3nica<\/option><option value=\"residencial\">Residencial<\/option><option value=\"hosteleria-y-comercios\">Hosteler\u00eda y comercios<\/option><option value=\"centros-sanitarios\">Centros sanitarios<\/option><option value=\"alumbrado-publico\">Alumbrado p\u00fablico<\/option><\/select><\/div><\/div><\/div><\/div><\/div><div class=\"quform-element quform-element-column quform-element-1_203\"><div class=\"quform-element quform-element-text quform-element-1_204 quform-cf quform-labels-inside quform-element-required\"><div class=\"quform-spacer\"><div class=\"quform-label quform-label-1_204\"><label class=\"quform-label-text\" for=\"quform_1_204_80304f\">Localizaci\u00f3n de obra<span class=\"quform-required\">*<\/span><\/label><\/div><div class=\"quform-inner quform-inner-text quform-inner-1_204\"><div class=\"quform-input quform-input-text quform-input-1_204 quform-cf\"><input type=\"text\" id=\"quform_1_204_80304f\" name=\"quform_1_204\" class=\"quform-field quform-field-text quform-field-1_204\" \/><\/div><\/div><\/div><\/div><\/div><\/div><div class=\"quform-element quform-element-html quform-element-1_208 quform-cf\"><div class=\"quform-spacer\"><\/div><\/div><div class=\"quform-element quform-element-html quform-element-1_209 quform-cf\"><div class=\"quform-spacer\"><\/div><\/div><\/div><\/div><\/div><\/div><\/div><div class=\"quform-element quform-element-group quform-element-1_213 quform-cf quform-group-style-bordered\"><div class=\"quform-spacer\"><div class=\"quform-child-elements\"><div class=\"quform-element quform-element-html quform-element-1_227 quform-cf\"><div class=\"quform-spacer\"><h5 style=\"text-align: center;\">Archivos adjuntos<\/h5><\/div><\/div><div class=\"quform-element quform-element-file quform-element-1_124 quform-cf quform-element-required\"><div class=\"quform-spacer\"><div class=\"quform-label quform-label-1_124\"><label class=\"quform-label-text\" for=\"quform_1_124_80304f\">Im\u00e1genes del proyecto (al menos 3)<span class=\"quform-required\">*<\/span><\/label><\/div><div class=\"quform-inner quform-inner-file quform-inner-1_124\"><div class=\"quform-input quform-input-file quform-input-1_124 quform-cf quform-button-style-theme\"><input type=\"file\" id=\"quform_1_124_80304f\" name=\"quform_1_124[]\" class=\"quform-field quform-field-file quform-field-1_124 quform-field-file-enhanced\" multiple data-config=\"{&quot;id&quot;:124,&quot;identifier&quot;:&quot;1_124&quot;,&quot;name&quot;:&quot;quform_1_124&quot;,&quot;max&quot;:10,&quot;size&quot;:16777216,&quot;allowedExtensions&quot;:[&quot;jpg&quot;,&quot;jpeg&quot;,&quot;png&quot;,&quot;gif&quot;,&quot;tiff&quot;],&quot;notAllowedTypeWithFilename&quot;:&quot;El tipo de archivo &#039;%filename%&#039; no est\\u00e1 permitido&quot;,&quot;tooBigWithFilename&quot;:&quot;El archivo &#039;%filename%&#039; excede el peso m\\u00e1ximo permitido&quot;,&quot;tooMany&quot;:&quot;No puedes subir m\\u00e1s de %max% archivo(s)&quot;,&quot;buttonType&quot;:&quot;dropzone&quot;,&quot;buttonText&quot;:&quot;JPG, PNG, TIFF. - M\\u00c1X. 16MB.&quot;,&quot;buttonIcon&quot;:&quot;qicon-file_upload&quot;,&quot;buttonIconPosition&quot;:&quot;right&quot;}\" \/><\/div><\/div><\/div><\/div><div class=\"quform-element quform-element-row quform-element-row-1_228 quform-2-columns quform-element-row-size-fixed quform-responsive-columns-phone-landscape\"><div class=\"quform-element quform-element-column quform-element-1_229\"><div class=\"quform-element quform-element-html quform-element-1_231 quform-cf\"><div class=\"quform-spacer\"><div style=\"margin-top: 10px;\"><span style=\"color: #50535a;\">Autorizaci\u00f3n de uso de imagen. <span style=\"font-family: var(--h5-font-family,inherit);\">Descargar archivo para firma <a href=\"https:\/\/www.solucionesdeiluminacion.com\/concurso-iluminacion\/wp-content\/uploads\/2026\/02\/Saltoki-Iluminacion-Autorizacion-2026.pdf\" target=\"_blank\" rel=\"noopener\">aqu\u00ed<\/a><\/span>.<\/span><\/div><\/div><\/div><\/div><div class=\"quform-element quform-element-column quform-element-1_230\"><div class=\"quform-element quform-element-file quform-element-1_235 quform-cf quform-element-optional\"><div class=\"quform-spacer\"><div class=\"quform-inner quform-inner-file quform-inner-1_235\"><div class=\"quform-input quform-input-file quform-input-1_235 quform-cf quform-button-style-theme quform-button-width-full\"><input type=\"file\" id=\"quform_1_235_80304f\" name=\"quform_1_235[]\" class=\"quform-field quform-field-file quform-field-1_235 quform-field-file-enhanced\" data-config=\"{&quot;id&quot;:235,&quot;identifier&quot;:&quot;1_235&quot;,&quot;name&quot;:&quot;quform_1_235&quot;,&quot;max&quot;:1,&quot;size&quot;:10485760,&quot;allowedExtensions&quot;:[&quot;jpg&quot;,&quot;jpeg&quot;,&quot;png&quot;,&quot;gif&quot;,&quot;tiff&quot;,&quot;pdf&quot;],&quot;notAllowedTypeWithFilename&quot;:&quot;El tipo de archivo &#039;%filename%&#039; no est\\u00e1 permitido&quot;,&quot;tooBigWithFilename&quot;:&quot;El archivo &#039;%filename%&#039; excede el peso m\\u00e1ximo permitido&quot;,&quot;tooMany&quot;:&quot;No puedes subir m\\u00e1s de %max% archivo(s)&quot;,&quot;buttonType&quot;:&quot;button&quot;,&quot;buttonText&quot;:&quot;SUBIR ARCHIVO&quot;,&quot;buttonIcon&quot;:&quot;qicon-file_upload&quot;,&quot;buttonIconPosition&quot;:&quot;right&quot;}\" \/><\/div><\/div><\/div><\/div><\/div><\/div><div class=\"quform-element quform-element-checkbox quform-element-1_234 quform-cf quform-element-required\"><div class=\"quform-spacer\"><div class=\"quform-inner quform-inner-checkbox quform-inner-1_234\"><div class=\"quform-input quform-input-checkbox quform-input-1_234 quform-cf\"><div class=\"quform-options quform-cf quform-options-block quform-options-simple\"><div class=\"quform-option\"><input type=\"checkbox\" name=\"quform_1_234[]\" id=\"quform_1_234_80304f_1\" class=\"quform-field quform-field-checkbox quform-field-1_234 quform-field-1_234_1\" value=\"He le\u00eddo y acepto la &lt;a href=&quot;https:\/\/www.solucionesdeiluminacion.com\/politica-privacidad\/&quot; target=&quot;_blank&quot;&gt;pol\u00edtica de privacidad&lt;\/a&gt; *\" \/><label for=\"quform_1_234_80304f_1\" class=\"quform-option-label quform-option-label-1_234_1\"><span class=\"quform-option-text\">He le\u00eddo y acepto la <a href=\"https:\/\/www.solucionesdeiluminacion.com\/politica-privacidad\/\" target=\"_blank\">pol\u00edtica de privacidad<\/a> *<\/span><\/label><\/div><\/div><\/div><\/div><\/div><\/div><\/div><\/div><\/div><div class=\"quform-element quform-element-text quform-element-1_236 quform-cf quform-element-optional hidden_imgs\"><div class=\"quform-spacer\"><div class=\"quform-label quform-label-1_236\"><label class=\"quform-label-text\" for=\"quform_1_236_80304f\">image_capture_posts<\/label><\/div><div class=\"quform-inner quform-inner-text quform-inner-1_236\"><div class=\"quform-input quform-input-text quform-input-1_236 quform-cf\"><input type=\"text\" id=\"quform_1_236_80304f\" name=\"quform_1_236\" class=\"quform-field quform-field-text quform-field-1_236\" \/><\/div><\/div><\/div><\/div><div class=\"quform-element quform-element-submit quform-element-1_41 quform-cf quform-button-style-theme quform-button-width-full\"><div class=\"quform-button-submit quform-button-submit-default quform-button-submit-1_41 quform-button-icon-left\"><button name=\"quform_submit\" type=\"submit\" class=\"quform-submit\" value=\"submit\"><span class=\"quform-button-icon quform-button-submit-icon\"><i class=\"qicon-paper-plane\"><\/i><\/span><span class=\"quform-button-text quform-button-submit-text\">ENVIAR<\/span><\/button><\/div><div class=\"quform-loading quform-loading-position-left quform-loading-type-spinner-1\"><div class=\"quform-loading-inner\"><div class=\"quform-loading-spinner\"><div class=\"quform-loading-spinner-inner\"><\/div><\/div><\/div><\/div><\/div><div class=\"quform-element-tree\"><label for=\"quform_1_0_80304f\">This field should be left blank<\/label><input type=\"text\" id=\"quform_1_0_80304f\" name=\"quform_1_0\" class=\"quform-field quform-field-tree quform-field-1_0\" tabindex=\"-1\" autocomplete=\"off\" \/><\/div><\/div><\/div><\/div><div class=\"quform-upload-progress-wrap\"><div class=\"quform-upload-progress-bar-wrap\"><div class=\"quform-upload-progress-bar\"><\/div><\/div><div class=\"quform-upload-info quform-cf\"><div class=\"quform-upload-filename\"><\/div><\/div><\/div><\/div><\/form><\/div>\n<\/div><\/div><\/div><\/div><\/div><\/div><\/section>\n","protected":false},"excerpt":{"rendered":"Premios Saltoki Iluminaci\u00f3n 2026Datos personales\u00bfCu\u00e1l es tu perfil profesional? *InstaladorLighting DesignerN\u00famero de cliente*Nombre y apellidos*Empresa*Correo electr\u00f3nico*Datos del proyectoNombre del proyecto*Tipo de iluminaci\u00f3n *Instalaciones deportivasIndustriaOficinasIluminaci\u00f3n arquitect\u00f3nicaResidencialHosteler\u00eda y comerciosCentros sanitariosAlumbrado p\u00fablicoLocalizaci\u00f3n de obra*Archivos adjuntosIm\u00e1genes del proyecto (al menos 3)*Autorizaci\u00f3n de uso de imagen. Descargar archivo para firma aqu\u00ed.He le\u00eddo y acepto la pol\u00edtica de privacidad *image_capture_postsENVIARThis field...","protected":false},"author":1,"featured_media":0,"parent":0,"menu_order":0,"comment_status":"closed","ping_status":"closed","template":"","meta":{"_acf_changed":false,"footnotes":""},"class_list":["post-82","page","type-page","status-publish","hentry"],"acf":[],"yoast_head":"<!-- This site is optimized with the Yoast SEO plugin v26.9 - https:\/\/yoast.com\/product\/yoast-seo-wordpress\/ -->\n<title>Formulario - Concurso Iluminacion 2024 - Saltoki Iluminacion<\/title>\n<meta name=\"robots\" content=\"noindex, follow, max-snippet:-1, max-image-preview:large, max-video-preview:-1\" \/>\n<meta property=\"og:locale\" content=\"es_ES\" \/>\n<meta property=\"og:type\" content=\"article\" \/>\n<meta property=\"og:title\" content=\"Formulario - Concurso Iluminacion 2024 - Saltoki Iluminacion\" \/>\n<meta property=\"og:url\" content=\"https:\/\/www.solucionesdeiluminacion.com\/concurso-iluminacion\/formulario\/\" \/>\n<meta property=\"og:site_name\" content=\"Concurso Iluminacion 2024 - Saltoki Iluminacion\" \/>\n<meta property=\"article:modified_time\" content=\"2026-01-15T16:15:29+00:00\" \/>\n<meta name=\"twitter:card\" content=\"summary_large_image\" \/>\n<meta name=\"twitter:label1\" content=\"Tiempo de lectura\" \/>\n\t<meta name=\"twitter:data1\" content=\"1 minuto\" \/>\n<script type=\"application\/ld+json\" class=\"yoast-schema-graph\">{\"@context\":\"https:\/\/schema.org\",\"@graph\":[{\"@type\":\"WebPage\",\"@id\":\"https:\/\/www.solucionesdeiluminacion.com\/concurso-iluminacion\/formulario\/\",\"url\":\"https:\/\/www.solucionesdeiluminacion.com\/concurso-iluminacion\/formulario\/\",\"name\":\"Formulario - Concurso Iluminacion 2024 - Saltoki Iluminacion\",\"isPartOf\":{\"@id\":\"https:\/\/www.solucionesdeiluminacion.com\/concurso-iluminacion\/#website\"},\"datePublished\":\"2024-02-05T09:39:02+00:00\",\"dateModified\":\"2026-01-15T16:15:29+00:00\",\"breadcrumb\":{\"@id\":\"https:\/\/www.solucionesdeiluminacion.com\/concurso-iluminacion\/formulario\/#breadcrumb\"},\"inLanguage\":\"es\",\"potentialAction\":[{\"@type\":\"ReadAction\",\"target\":[\"https:\/\/www.solucionesdeiluminacion.com\/concurso-iluminacion\/formulario\/\"]}]},{\"@type\":\"BreadcrumbList\",\"@id\":\"https:\/\/www.solucionesdeiluminacion.com\/concurso-iluminacion\/formulario\/#breadcrumb\",\"itemListElement\":[{\"@type\":\"ListItem\",\"position\":1,\"name\":\"Portada\",\"item\":\"https:\/\/www.solucionesdeiluminacion.com\/concurso-iluminacion\/\"},{\"@type\":\"ListItem\",\"position\":2,\"name\":\"Formulario\"}]},{\"@type\":\"WebSite\",\"@id\":\"https:\/\/www.solucionesdeiluminacion.com\/concurso-iluminacion\/#website\",\"url\":\"https:\/\/www.solucionesdeiluminacion.com\/concurso-iluminacion\/\",\"name\":\"Concurso Iluminacion 2024 - Saltoki Iluminacion\",\"description\":\"\",\"potentialAction\":[{\"@type\":\"SearchAction\",\"target\":{\"@type\":\"EntryPoint\",\"urlTemplate\":\"https:\/\/www.solucionesdeiluminacion.com\/concurso-iluminacion\/?s={search_term_string}\"},\"query-input\":{\"@type\":\"PropertyValueSpecification\",\"valueRequired\":true,\"valueName\":\"search_term_string\"}}],\"inLanguage\":\"es\"}]}<\/script>\n<!-- \/ Yoast SEO plugin. -->","yoast_head_json":{"title":"Formulario - Concurso Iluminacion 2024 - Saltoki Iluminacion","robots":{"index":"noindex","follow":"follow","max-snippet":"max-snippet:-1","max-image-preview":"max-image-preview:large","max-video-preview":"max-video-preview:-1"},"og_locale":"es_ES","og_type":"article","og_title":"Formulario - Concurso Iluminacion 2024 - Saltoki Iluminacion","og_url":"https:\/\/www.solucionesdeiluminacion.com\/concurso-iluminacion\/formulario\/","og_site_name":"Concurso Iluminacion 2024 - Saltoki Iluminacion","article_modified_time":"2026-01-15T16:15:29+00:00","twitter_card":"summary_large_image","twitter_misc":{"Tiempo de lectura":"1 minuto"},"schema":{"@context":"https:\/\/schema.org","@graph":[{"@type":"WebPage","@id":"https:\/\/www.solucionesdeiluminacion.com\/concurso-iluminacion\/formulario\/","url":"https:\/\/www.solucionesdeiluminacion.com\/concurso-iluminacion\/formulario\/","name":"Formulario - Concurso Iluminacion 2024 - Saltoki Iluminacion","isPartOf":{"@id":"https:\/\/www.solucionesdeiluminacion.com\/concurso-iluminacion\/#website"},"datePublished":"2024-02-05T09:39:02+00:00","dateModified":"2026-01-15T16:15:29+00:00","breadcrumb":{"@id":"https:\/\/www.solucionesdeiluminacion.com\/concurso-iluminacion\/formulario\/#breadcrumb"},"inLanguage":"es","potentialAction":[{"@type":"ReadAction","target":["https:\/\/www.solucionesdeiluminacion.com\/concurso-iluminacion\/formulario\/"]}]},{"@type":"BreadcrumbList","@id":"https:\/\/www.solucionesdeiluminacion.com\/concurso-iluminacion\/formulario\/#breadcrumb","itemListElement":[{"@type":"ListItem","position":1,"name":"Portada","item":"https:\/\/www.solucionesdeiluminacion.com\/concurso-iluminacion\/"},{"@type":"ListItem","position":2,"name":"Formulario"}]},{"@type":"WebSite","@id":"https:\/\/www.solucionesdeiluminacion.com\/concurso-iluminacion\/#website","url":"https:\/\/www.solucionesdeiluminacion.com\/concurso-iluminacion\/","name":"Concurso Iluminacion 2024 - Saltoki Iluminacion","description":"","potentialAction":[{"@type":"SearchAction","target":{"@type":"EntryPoint","urlTemplate":"https:\/\/www.solucionesdeiluminacion.com\/concurso-iluminacion\/?s={search_term_string}"},"query-input":{"@type":"PropertyValueSpecification","valueRequired":true,"valueName":"search_term_string"}}],"inLanguage":"es"}]}},"_links":{"self":[{"href":"https:\/\/www.solucionesdeiluminacion.com\/concurso-iluminacion\/wp-json\/wp\/v2\/pages\/82","targetHints":{"allow":["GET"]}}],"collection":[{"href":"https:\/\/www.solucionesdeiluminacion.com\/concurso-iluminacion\/wp-json\/wp\/v2\/pages"}],"about":[{"href":"https:\/\/www.solucionesdeiluminacion.com\/concurso-iluminacion\/wp-json\/wp\/v2\/types\/page"}],"author":[{"embeddable":true,"href":"https:\/\/www.solucionesdeiluminacion.com\/concurso-iluminacion\/wp-json\/wp\/v2\/users\/1"}],"replies":[{"embeddable":true,"href":"https:\/\/www.solucionesdeiluminacion.com\/concurso-iluminacion\/wp-json\/wp\/v2\/comments?post=82"}],"version-history":[{"count":8,"href":"https:\/\/www.solucionesdeiluminacion.com\/concurso-iluminacion\/wp-json\/wp\/v2\/pages\/82\/revisions"}],"predecessor-version":[{"id":147,"href":"https:\/\/www.solucionesdeiluminacion.com\/concurso-iluminacion\/wp-json\/wp\/v2\/pages\/82\/revisions\/147"}],"wp:attachment":[{"href":"https:\/\/www.solucionesdeiluminacion.com\/concurso-iluminacion\/wp-json\/wp\/v2\/media?parent=82"}],"curies":[{"name":"wp","href":"https:\/\/api.w.org\/{rel}","templated":true}]}}