{"id":2073,"date":"2026-02-10T09:17:15","date_gmt":"2026-02-10T08:17:15","guid":{"rendered":"https:\/\/www.solucionesdeiluminacion.com\/concurso-iluminacion\/?page_id=2073"},"modified":"2026-02-13T17:47:26","modified_gmt":"2026-02-13T16:47:26","slug":"premios","status":"publish","type":"page","link":"https:\/\/www.solucionesdeiluminacion.com\/concurso-iluminacion\/","title":{"rendered":"premios"},"content":{"rendered":"<section class=\"l-section wpb_row height_huge color_primary with_img\"><div class=\"l-section-img\" role=\"img\" aria-label=\"Imagen\" data-img-width=\"1600\" data-img-height=\"1066\" style=\"background-image: url(https:\/\/www.solucionesdeiluminacion.com\/concurso-iluminacion\/wp-content\/uploads\/2026\/01\/SALTOKI-PALACIO-RUBALCAVA-1ALF7432.jpg);background-repeat: no-repeat;\"><\/div><div class=\"l-section-h i-cf\"><div class=\"g-cols vc_row via_grid cols_1 laptops-cols_inherit tablets-cols_inherit mobiles-cols_1 valign_top type_default stacking_default\" style=\"--columns-gap:pxpxpxpxpxpxpxpxpxpxpxpx;\"><div class=\"wpb_column vc_column_container\"><div class=\"vc_column-inner\"><h1 class=\"w-text us_custom_e71be396\"><span class=\"w-text-h\"><span class=\"w-text-value\">La luz habla por ti<\/span><\/span><\/h1><div class=\"w-btn-wrapper align_none\"><a class=\"w-btn us-btn-style_2 us_custom_ccd4c793\" target=\"_blank\" href=\"https:\/\/www.solucionesdeiluminacion.com\/concurso-iluminacion\/formulario\/\"><span class=\"w-btn-label\">PARTICIPAR<\/span><\/a><\/div><\/div><\/div><\/div><\/div><\/section><section class=\"l-section wpb_row height_large\"><div class=\"l-section-h i-cf\"><div class=\"g-cols vc_row via_grid cols_1 laptops-cols_inherit tablets-cols_inherit mobiles-cols_1 valign_middle type_default stacking_default\"><div class=\"wpb_column vc_column_container\"><div class=\"vc_column-inner\"><h2 class=\"w-text us_custom_eb849559\"><span class=\"w-text-h\"><span class=\"w-text-value\">Premios Saltoki Iluminaci\u00f3n<\/span><\/span><\/h2><div class=\"wpb_text_column us_custom_8e5c9f9d\"><div class=\"wpb_wrapper\"><p style=\"text-align: center;\">Los Premios Saltoki Iluminaci\u00f3n ponen en valor los proyectos de iluminaci\u00f3n m\u00e1s destacados, atendiendo a su creatividad, dise\u00f1o y correcta ejecuci\u00f3n. Un galard\u00f3n destinado a reconocer las mejores obras realizadas con material Saltoki.<\/p>\n<p style=\"text-align: center;\">A trav\u00e9s de estos premios, Saltoki Iluminaci\u00f3n busca visibilizar el talento y el trabajo de los profesionales del sector, poniendo en valor proyectos que son referencia por su calidad, innovaci\u00f3n y uso adecuado del material. Los proyectos ganadores ser\u00e1n reconocidos p\u00fablicamente y recibir\u00e1n los premios correspondientes al cierre de la convocatoria.<\/p>\n<\/div><\/div><div class=\"g-cols wpb_row via_grid cols_3 laptops-cols_inherit tablets-cols_inherit mobiles-cols_1 valign_top type_default stacking_default\" style=\"--columns-gap:0.5rem;\"><div class=\"wpb_column vc_column_container\"><div class=\"vc_column-inner\"><div class=\"w-ibanner us_custom_d3a112b4 has_text_color animation_aphelia ratio_2x1 easing_ease\"><div class=\"w-ibanner-h\"><div class=\"w-ibanner-image\" style=\"background-image: url(https:\/\/www.solucionesdeiluminacion.com\/concurso-iluminacion\/wp-content\/uploads\/2026\/01\/nueva-york.jpg)\"><\/div><div class=\"w-ibanner-content\"><div class=\"w-ibanner-content-h\"><h2 class=\"w-ibanner-title\">1\u00ba Premio<\/h2><div class=\"w-ibanner-desc\"><p>Viaje a Nueva York<br \/>\nIluminaci\u00f3n en la ciudad<\/p>\n<\/div><\/div><\/div><\/div><\/div><\/div><\/div><div class=\"wpb_column vc_column_container\"><div class=\"vc_column-inner\"><div class=\"w-ibanner us_custom_d3a112b4 has_text_color animation_aphelia ratio_2x1 easing_ease\"><div class=\"w-ibanner-h\"><div class=\"w-ibanner-image\" style=\"background-image: url(https:\/\/www.solucionesdeiluminacion.com\/concurso-iluminacion\/wp-content\/uploads\/2026\/01\/islandia.jpg)\"><\/div><div class=\"w-ibanner-content\"><div class=\"w-ibanner-content-h\"><h2 class=\"w-ibanner-title\">2\u00ba Premio<\/h2><div class=\"w-ibanner-desc\"><p>Viaje a Islandia<br \/>\nIluminaci\u00f3n en la naturaleza<\/p>\n<\/div><\/div><\/div><\/div><\/div><\/div><\/div><div class=\"wpb_column vc_column_container\"><div class=\"vc_column-inner\"><div class=\"w-ibanner us_custom_0f24b0b5 has_text_color animation_aphelia ratio_2x1 easing_ease\"><div class=\"w-ibanner-h\"><div class=\"w-ibanner-image\" style=\"background-image: url(https:\/\/www.solucionesdeiluminacion.com\/concurso-iluminacion\/wp-content\/uploads\/2026\/01\/roma.jpg)\"><\/div><div class=\"w-ibanner-content\"><div class=\"w-ibanner-content-h\"><h2 class=\"w-ibanner-title\">3\u00ba Premio<\/h2><div class=\"w-ibanner-desc\"><p>Viaje a Roma<br \/>\nIluminaci\u00f3n en la arquitectura<\/p>\n<\/div><\/div><\/div><\/div><\/div><\/div><\/div><\/div><div class=\"g-cols wpb_row us_custom_aec7dde0 via_grid cols_1 laptops-cols_inherit tablets-cols_inherit mobiles-cols_1 valign_top type_default stacking_default\" style=\"--columns-gap:0.5rem;\"><div class=\"wpb_column vc_column_container\"><div class=\"vc_column-inner\"><div class=\"w-video align_none ratio_16x9\"><div class=\"w-video-h\"><video  preload=\"metadata\" playsinline controls loop><source type=\"video\/mp4\" src=\"https:\/\/www.solucionesdeiluminacion.com\/videos\/CONCURSO-ILUMINACION.mp4\" \/><\/video><\/div><\/div><\/div><\/div><\/div><\/div><\/div><\/div><\/div><\/section><section class=\"l-section wpb_row height_small\"><div class=\"l-section-h i-cf\"><div class=\"g-cols vc_row via_grid cols_1 laptops-cols_inherit tablets-cols_inherit mobiles-cols_1 valign_top type_default stacking_default\"><div class=\"wpb_column vc_column_container\"><div class=\"vc_column-inner\"><h2 class=\"w-text us_custom_eb849559\"><span class=\"w-text-h\"><span class=\"w-text-value\">Resumen Primera Edici\u00f3n<\/span><\/span><\/h2><div class=\"wpb_text_column us_custom_2bb30dc1\"><div class=\"wpb_wrapper\"><p class=\"p1\" style=\"text-align: center;\">La primera edici\u00f3n de los <b>Premios Saltoki Iluminaci\u00f3n<\/b> reuni\u00f3 m\u00e1s de <b>70 proyectos<\/b> procedentes de todo el territorio nacional, reflejando el alto nivel t\u00e9cnico y creativo del sector. De entre todas las candidaturas, un comit\u00e9 de expertos seleccion\u00f3 <b>tres proyectos finalistas<\/b>, representativos de distintas formas de entender la luz en la arquitectura, el espacio urbano y los entornos singulares.<\/p>\n<p class=\"p1\" style=\"text-align: center;\">El proyecto ganador fue la <b>iluminaci\u00f3n del Palacio de Rubalcava (Orihuela)<\/b>, una intervenci\u00f3n ejemplar en patrimonio hist\u00f3rico donde la luz se integra con m\u00e1xima discreci\u00f3n para poner en valor la arquitectura original, respetando el edificio y mejorando la experiencia visual. Un proyecto que destac\u00f3 por su sensibilidad, rigor t\u00e9cnico y capacidad para realzar el espacio sin alterar su esencia.<\/p>\n<\/div><\/div><div class=\"g-cols wpb_row via_grid cols_2 laptops-cols_inherit tablets-cols_inherit mobiles-cols_1 valign_top type_default stacking_default\" style=\"--columns-gap:1rem;\"><div class=\"wpb_column vc_column_container\"><div class=\"vc_column-inner\"><div class=\"w-slider us_custom_81fdda92 style_none fit_scaledown nav_none count_7\"><div class=\"w-slider-h\" aria-hidden=\"true\"><div class=\"royalSlider\"><div class=\"rsContent\"><a class=\"rsImg\" data-rsw=\"1300\" data-rsh=\"736\" data-rsBigImg=\"https:\/\/www.solucionesdeiluminacion.com\/concurso-iluminacion\/wp-content\/uploads\/2026\/02\/00187_FOTOS-EVENTO-MESA-REDONDA-Y-PREMIOS-SALTOKI-ILUMINACION.jpg\" href=\"https:\/\/www.solucionesdeiluminacion.com\/concurso-iluminacion\/wp-content\/uploads\/2026\/02\/00187_FOTOS-EVENTO-MESA-REDONDA-Y-PREMIOS-SALTOKI-ILUMINACION.jpg\"><span data-alt=\"\"><\/span><\/a><\/div><div class=\"rsContent\"><a class=\"rsImg\" data-rsw=\"1300\" data-rsh=\"736\" data-rsBigImg=\"https:\/\/www.solucionesdeiluminacion.com\/concurso-iluminacion\/wp-content\/uploads\/2026\/02\/00173_FOTOS-EVENTO-MESA-REDONDA-Y-PREMIOS-SALTOKI-ILUMINACION.jpg\" href=\"https:\/\/www.solucionesdeiluminacion.com\/concurso-iluminacion\/wp-content\/uploads\/2026\/02\/00173_FOTOS-EVENTO-MESA-REDONDA-Y-PREMIOS-SALTOKI-ILUMINACION.jpg\"><span data-alt=\"\"><\/span><\/a><\/div><div class=\"rsContent\"><a class=\"rsImg\" data-rsw=\"1300\" data-rsh=\"736\" data-rsBigImg=\"https:\/\/www.solucionesdeiluminacion.com\/concurso-iluminacion\/wp-content\/uploads\/2026\/02\/00141_FOTOS-EVENTO-MESA-REDONDA-Y-PREMIOS-SALTOKI-ILUMINACION.jpg\" href=\"https:\/\/www.solucionesdeiluminacion.com\/concurso-iluminacion\/wp-content\/uploads\/2026\/02\/00141_FOTOS-EVENTO-MESA-REDONDA-Y-PREMIOS-SALTOKI-ILUMINACION.jpg\"><span data-alt=\"\"><\/span><\/a><\/div><div class=\"rsContent\"><a class=\"rsImg\" data-rsw=\"1300\" data-rsh=\"736\" data-rsBigImg=\"https:\/\/www.solucionesdeiluminacion.com\/concurso-iluminacion\/wp-content\/uploads\/2026\/02\/00103_FOTOS-EVENTO-MESA-REDONDA-Y-PREMIOS-SALTOKI-ILUMINACION.jpg\" href=\"https:\/\/www.solucionesdeiluminacion.com\/concurso-iluminacion\/wp-content\/uploads\/2026\/02\/00103_FOTOS-EVENTO-MESA-REDONDA-Y-PREMIOS-SALTOKI-ILUMINACION.jpg\"><span data-alt=\"\"><\/span><\/a><\/div><div class=\"rsContent\"><a class=\"rsImg\" data-rsw=\"1300\" data-rsh=\"736\" data-rsBigImg=\"https:\/\/www.solucionesdeiluminacion.com\/concurso-iluminacion\/wp-content\/uploads\/2026\/02\/00031_FOTOS-EVENTO-MESA-REDONDA-Y-PREMIOS-SALTOKI-ILUMINACION.jpg\" href=\"https:\/\/www.solucionesdeiluminacion.com\/concurso-iluminacion\/wp-content\/uploads\/2026\/02\/00031_FOTOS-EVENTO-MESA-REDONDA-Y-PREMIOS-SALTOKI-ILUMINACION.jpg\"><span data-alt=\"\"><\/span><\/a><\/div><div class=\"rsContent\"><a class=\"rsImg\" data-rsw=\"1300\" data-rsh=\"736\" data-rsBigImg=\"https:\/\/www.solucionesdeiluminacion.com\/concurso-iluminacion\/wp-content\/uploads\/2026\/02\/00166_FOTOS-EVENTO-MESA-REDONDA-Y-PREMIOS-SALTOKI-ILUMINACION.jpg\" href=\"https:\/\/www.solucionesdeiluminacion.com\/concurso-iluminacion\/wp-content\/uploads\/2026\/02\/00166_FOTOS-EVENTO-MESA-REDONDA-Y-PREMIOS-SALTOKI-ILUMINACION.jpg\"><span data-alt=\"\"><\/span><\/a><\/div><div class=\"rsContent\"><a class=\"rsImg\" data-rsw=\"1300\" data-rsh=\"736\" data-rsBigImg=\"https:\/\/www.solucionesdeiluminacion.com\/concurso-iluminacion\/wp-content\/uploads\/2026\/02\/00075_FOTOS-EVENTO-MESA-REDONDA-Y-PREMIOS-SALTOKI-ILUMINACION.jpg\" href=\"https:\/\/www.solucionesdeiluminacion.com\/concurso-iluminacion\/wp-content\/uploads\/2026\/02\/00075_FOTOS-EVENTO-MESA-REDONDA-Y-PREMIOS-SALTOKI-ILUMINACION.jpg\"><span data-alt=\"\"><\/span><\/a><\/div><\/div><img decoding=\"async\" src=\"https:\/\/www.solucionesdeiluminacion.com\/concurso-iluminacion\/wp-content\/uploads\/2026\/02\/00187_FOTOS-EVENTO-MESA-REDONDA-Y-PREMIOS-SALTOKI-ILUMINACION.jpg\" width=\"1300\" height=\"736\" alt loading=\"lazy\"><\/div><div class=\"w-slider-json\" onclick='return {&quot;autoScaleSlider&quot;:true,&quot;addActiveClass&quot;:true,&quot;loop&quot;:true,&quot;fadeInLoadedSlide&quot;:false,&quot;slidesSpacing&quot;:0,&quot;imageScalePadding&quot;:0,&quot;numImagesToPreload&quot;:2,&quot;arrowsNav&quot;:true,&quot;arrowsNavAutoHide&quot;:false,&quot;transitionType&quot;:&quot;move&quot;,&quot;transitionSpeed&quot;:250,&quot;block&quot;:{&quot;moveEffect&quot;:&quot;none&quot;,&quot;speed&quot;:300},&quot;thumbs&quot;:{&quot;fitInViewport&quot;:false,&quot;firstMargin&quot;:false,&quot;spacing&quot;:4},&quot;controlNavigation&quot;:&quot;none&quot;,&quot;autoplay&quot;:{&quot;enabled&quot;:true,&quot;pauseOnHover&quot;:true,&quot;delay&quot;:3000},&quot;fullscreen&quot;:{&quot;enabled&quot;:true},&quot;autoScaleSliderWidth&quot;:1300,&quot;autoScaleSliderHeight&quot;:736}'><\/div><\/div><\/div><\/div><div class=\"wpb_column vc_column_container\"><div class=\"vc_column-inner\"><div class=\"w-video align_none ratio_16x9\"><div class=\"w-video-h\"><video  preload=\"metadata\" playsinline controls loop><source type=\"video\/mp4\" src=\"https:\/\/www.solucionesdeiluminacion.com\/concurso-iluminacion\/obras-referencia-concurso-iluminacion.mp4\" \/><\/video><\/div><\/div><\/div><\/div><\/div><\/div><\/div><\/div><\/div><\/section><section class=\"l-section wpb_row us_custom_8db3952a height_auto with_shape\" id=\"bases\"><div class=\"l-section-overlay\" style=\"background:#f5f5f5\"><\/div><div class=\"l-section-shape type_tilt pos_top\" style=\"height:15vmin;\"><svg xmlns=\"http:\/\/www.w3.org\/2000\/svg\" viewBox=\"0 0 64 8\" preserveAspectRatio=\"none\" width=\"100%\" height=\"100%\">\r\n\t<path fill=\"currentColor\" d=\"M64 7.9 L64 10 L0 10 L0 0 Z\"\/>\r\n<\/svg><\/div><div class=\"l-section-h i-cf\"><div class=\"g-cols vc_row via_grid cols_2 laptops-cols_2 tablets-cols_1 mobiles-cols_1 valign_middle type_default stacking_default\" style=\"--columns-gap:4rem;\"><div class=\"wpb_column vc_column_container us_custom_3dd0b962\"><div class=\"vc_column-inner\"><div class=\"w-image us_custom_47474b22 us_animate_this align_center\"><div class=\"w-image-h\"><img decoding=\"async\" width=\"1200\" height=\"1600\" src=\"https:\/\/www.solucionesdeiluminacion.com\/concurso-iluminacion\/wp-content\/uploads\/2026\/02\/zaragoza.jpg\" class=\"attachment-full size-full\" alt=\"\" loading=\"lazy\" srcset=\"https:\/\/www.solucionesdeiluminacion.com\/concurso-iluminacion\/wp-content\/uploads\/2026\/02\/zaragoza.jpg 1200w, https:\/\/www.solucionesdeiluminacion.com\/concurso-iluminacion\/wp-content\/uploads\/2026\/02\/zaragoza-225x300.jpg 225w, https:\/\/www.solucionesdeiluminacion.com\/concurso-iluminacion\/wp-content\/uploads\/2026\/02\/zaragoza-768x1024.jpg 768w\" sizes=\"auto, (max-width: 1200px) 100vw, 1200px\" \/><\/div><\/div><\/div><\/div><div class=\"wpb_column vc_column_container us_custom_712ee651\"><div class=\"vc_column-inner\"><h2 class=\"w-text us_custom_e71be396\"><span class=\"w-text-h\"><span class=\"w-text-value\">Bases y condiciones<br \/>\ndel concurso.<\/span><\/span><\/h2><div class=\"wpb_text_column\"><div class=\"wpb_wrapper\"><ul>\n<li>Podr\u00e1n participar las obras realizadas con material adquirido en el Grupo SALTOKI, presentadas por instaladores y\/o dise\u00f1adores de iluminaci\u00f3n. La inscripci\u00f3n se realizar\u00e1 mediante formulario, incluyendo los datos del proyecto, autorizaci\u00f3n de la propiedad y material fotogr\u00e1fico, con plazo hasta el 16 de mayo de 2027.<\/li>\n<li>Las candidaturas ser\u00e1n evaluadas por un comit\u00e9 de expertos en iluminaci\u00f3n, que seleccionar\u00e1 las obras ganadoras seg\u00fan criterios de creatividad, dise\u00f1o, calidad t\u00e9cnica e integraci\u00f3n de la iluminaci\u00f3n en el espacio.<\/li>\n<\/ul>\n<\/div><\/div><div class=\"w-btn-wrapper align_center\"><a class=\"w-btn us-btn-style_1 us_custom_4bdb702a\" target=\"_blank\" href=\"https:\/\/www.solucionesdeiluminacion.com\/concurso-iluminacion\/wp-content\/uploads\/2026\/02\/Bases-Concurso-Iluminacion-II-2025-2027-4.pdf\"><span class=\"w-btn-label\">VER BASES Y CONDICIONES<\/span><\/a><\/div><\/div><\/div><\/div><\/div><\/section>\n","protected":false},"excerpt":{"rendered":"La luz habla por tiPARTICIPARPremios Saltoki Iluminaci\u00f3nLos Premios Saltoki Iluminaci\u00f3n ponen en valor los proyectos de iluminaci\u00f3n m\u00e1s destacados, atendiendo a su creatividad, dise\u00f1o y correcta ejecuci\u00f3n. Un galard\u00f3n destinado a reconocer las mejores obras realizadas con material Saltoki. A trav\u00e9s de estos premios, Saltoki Iluminaci\u00f3n busca visibilizar el talento y el trabajo de los...","protected":false},"author":1,"featured_media":0,"parent":0,"menu_order":0,"comment_status":"closed","ping_status":"closed","template":"","meta":{"_acf_changed":false,"footnotes":""},"class_list":["post-2073","page","type-page","status-publish","hentry"],"acf":[],"yoast_head":"<!-- This site is optimized with the Yoast SEO plugin v26.9 - https:\/\/yoast.com\/product\/yoast-seo-wordpress\/ -->\n<title>premios - Concurso Iluminacion 2024 - Saltoki Iluminacion<\/title>\n<meta name=\"robots\" content=\"noindex, follow, max-snippet:-1, max-image-preview:large, max-video-preview:-1\" \/>\n<meta property=\"og:locale\" content=\"es_ES\" \/>\n<meta property=\"og:type\" content=\"article\" \/>\n<meta property=\"og:title\" content=\"premios - Concurso Iluminacion 2024 - Saltoki Iluminacion\" \/>\n<meta property=\"og:url\" content=\"https:\/\/www.solucionesdeiluminacion.com\/concurso-iluminacion\/\" \/>\n<meta property=\"og:site_name\" content=\"Concurso Iluminacion 2024 - Saltoki Iluminacion\" \/>\n<meta property=\"article:modified_time\" content=\"2026-02-13T16:47:26+00:00\" \/>\n<meta name=\"twitter:card\" content=\"summary_large_image\" \/>\n<meta name=\"twitter:label1\" content=\"Tiempo de lectura\" \/>\n\t<meta name=\"twitter:data1\" content=\"2 minutos\" \/>\n<script type=\"application\/ld+json\" class=\"yoast-schema-graph\">{\"@context\":\"https:\/\/schema.org\",\"@graph\":[{\"@type\":\"WebPage\",\"@id\":\"https:\/\/www.solucionesdeiluminacion.com\/concurso-iluminacion\/\",\"url\":\"https:\/\/www.solucionesdeiluminacion.com\/concurso-iluminacion\/\",\"name\":\"premios - Concurso Iluminacion 2024 - Saltoki Iluminacion\",\"isPartOf\":{\"@id\":\"https:\/\/www.solucionesdeiluminacion.com\/concurso-iluminacion\/#website\"},\"datePublished\":\"2026-02-10T08:17:15+00:00\",\"dateModified\":\"2026-02-13T16:47:26+00:00\",\"breadcrumb\":{\"@id\":\"https:\/\/www.solucionesdeiluminacion.com\/concurso-iluminacion\/#breadcrumb\"},\"inLanguage\":\"es\",\"potentialAction\":[{\"@type\":\"ReadAction\",\"target\":[\"https:\/\/www.solucionesdeiluminacion.com\/concurso-iluminacion\/\"]}]},{\"@type\":\"BreadcrumbList\",\"@id\":\"https:\/\/www.solucionesdeiluminacion.com\/concurso-iluminacion\/#breadcrumb\",\"itemListElement\":[{\"@type\":\"ListItem\",\"position\":1,\"name\":\"Portada\",\"item\":\"https:\/\/www.solucionesdeiluminacion.com\/concurso-iluminacion\/\"},{\"@type\":\"ListItem\",\"position\":2,\"name\":\"premios\"}]},{\"@type\":\"WebSite\",\"@id\":\"https:\/\/www.solucionesdeiluminacion.com\/concurso-iluminacion\/#website\",\"url\":\"https:\/\/www.solucionesdeiluminacion.com\/concurso-iluminacion\/\",\"name\":\"Concurso Iluminacion 2024 - Saltoki Iluminacion\",\"description\":\"\",\"potentialAction\":[{\"@type\":\"SearchAction\",\"target\":{\"@type\":\"EntryPoint\",\"urlTemplate\":\"https:\/\/www.solucionesdeiluminacion.com\/concurso-iluminacion\/?s={search_term_string}\"},\"query-input\":{\"@type\":\"PropertyValueSpecification\",\"valueRequired\":true,\"valueName\":\"search_term_string\"}}],\"inLanguage\":\"es\"}]}<\/script>\n<!-- \/ Yoast SEO plugin. -->","yoast_head_json":{"title":"premios - Concurso Iluminacion 2024 - Saltoki Iluminacion","robots":{"index":"noindex","follow":"follow","max-snippet":"max-snippet:-1","max-image-preview":"max-image-preview:large","max-video-preview":"max-video-preview:-1"},"og_locale":"es_ES","og_type":"article","og_title":"premios - Concurso Iluminacion 2024 - Saltoki Iluminacion","og_url":"https:\/\/www.solucionesdeiluminacion.com\/concurso-iluminacion\/","og_site_name":"Concurso Iluminacion 2024 - Saltoki Iluminacion","article_modified_time":"2026-02-13T16:47:26+00:00","twitter_card":"summary_large_image","twitter_misc":{"Tiempo de lectura":"2 minutos"},"schema":{"@context":"https:\/\/schema.org","@graph":[{"@type":"WebPage","@id":"https:\/\/www.solucionesdeiluminacion.com\/concurso-iluminacion\/","url":"https:\/\/www.solucionesdeiluminacion.com\/concurso-iluminacion\/","name":"premios - Concurso Iluminacion 2024 - Saltoki Iluminacion","isPartOf":{"@id":"https:\/\/www.solucionesdeiluminacion.com\/concurso-iluminacion\/#website"},"datePublished":"2026-02-10T08:17:15+00:00","dateModified":"2026-02-13T16:47:26+00:00","breadcrumb":{"@id":"https:\/\/www.solucionesdeiluminacion.com\/concurso-iluminacion\/#breadcrumb"},"inLanguage":"es","potentialAction":[{"@type":"ReadAction","target":["https:\/\/www.solucionesdeiluminacion.com\/concurso-iluminacion\/"]}]},{"@type":"BreadcrumbList","@id":"https:\/\/www.solucionesdeiluminacion.com\/concurso-iluminacion\/#breadcrumb","itemListElement":[{"@type":"ListItem","position":1,"name":"Portada","item":"https:\/\/www.solucionesdeiluminacion.com\/concurso-iluminacion\/"},{"@type":"ListItem","position":2,"name":"premios"}]},{"@type":"WebSite","@id":"https:\/\/www.solucionesdeiluminacion.com\/concurso-iluminacion\/#website","url":"https:\/\/www.solucionesdeiluminacion.com\/concurso-iluminacion\/","name":"Concurso Iluminacion 2024 - Saltoki Iluminacion","description":"","potentialAction":[{"@type":"SearchAction","target":{"@type":"EntryPoint","urlTemplate":"https:\/\/www.solucionesdeiluminacion.com\/concurso-iluminacion\/?s={search_term_string}"},"query-input":{"@type":"PropertyValueSpecification","valueRequired":true,"valueName":"search_term_string"}}],"inLanguage":"es"}]}},"_links":{"self":[{"href":"https:\/\/www.solucionesdeiluminacion.com\/concurso-iluminacion\/wp-json\/wp\/v2\/pages\/2073","targetHints":{"allow":["GET"]}}],"collection":[{"href":"https:\/\/www.solucionesdeiluminacion.com\/concurso-iluminacion\/wp-json\/wp\/v2\/pages"}],"about":[{"href":"https:\/\/www.solucionesdeiluminacion.com\/concurso-iluminacion\/wp-json\/wp\/v2\/types\/page"}],"author":[{"embeddable":true,"href":"https:\/\/www.solucionesdeiluminacion.com\/concurso-iluminacion\/wp-json\/wp\/v2\/users\/1"}],"replies":[{"embeddable":true,"href":"https:\/\/www.solucionesdeiluminacion.com\/concurso-iluminacion\/wp-json\/wp\/v2\/comments?post=2073"}],"version-history":[{"count":10,"href":"https:\/\/www.solucionesdeiluminacion.com\/concurso-iluminacion\/wp-json\/wp\/v2\/pages\/2073\/revisions"}],"predecessor-version":[{"id":2092,"href":"https:\/\/www.solucionesdeiluminacion.com\/concurso-iluminacion\/wp-json\/wp\/v2\/pages\/2073\/revisions\/2092"}],"wp:attachment":[{"href":"https:\/\/www.solucionesdeiluminacion.com\/concurso-iluminacion\/wp-json\/wp\/v2\/media?parent=2073"}],"curies":[{"name":"wp","href":"https:\/\/api.w.org\/{rel}","templated":true}]}}